{"id":699,"date":"2015-08-06T00:15:24","date_gmt":"2015-08-05T23:15:24","guid":{"rendered":"http:\/\/www.mahira.nl\/?page_id=699"},"modified":"2025-04-08T15:23:23","modified_gmt":"2025-04-08T14:23:23","slug":"wat-is-best","status":"publish","type":"page","link":"https:\/\/www.mahira.nl\/?page_id=699","title":{"rendered":"Wat is BEST"},"content":{"rendered":"<p>In de praktijk wordt gewerkt met BEST. Dit staat voor Bio Energetische Stress Test. De BEST is een combinatie van eeuwenoude Oosterse geneeswijzen en huidige Westerse technieken. De conditie van het afweersysteem\/energiesysteem wordt nauwkeurig in kaart gebracht. Door behandeling met de BEST wordt het afweersysteem weer in balans gebracht. Hierdoor wordt het zelfherstellend vermogen van het lichaam weer geactiveerd.<\/p>\n<p>Uit Europees medisch onderzoek is gebleken dat acupunctuurpunten in verband staan<br \/>\nmet de organen en orgaansystemen in het lichaam. Belangrijke groepen van deze acupunctuurpunten zijn met elkaar verbonden en vormen meridianen (energiebanen). Twintig van deze meridianen beginnen of eindigen vlak onder de nagels op de handen en voeten.<br \/>\nWordt nu aan zo\u2019n acupunctuurpunt aan het begin of eind van een meridiaan een zwakke<br \/>\nelektrische prikkel gegeven, dan wordt deze prikkel aan het orgaan doorgegeven die deze op zijn beurt beantwoordt. <a href=\"https:\/\/www.mahira.nl\/wp-content\/uploads\/2012\/02\/best40p001.jpg\"><img decoding=\"async\" loading=\"lazy\" class=\"alignright size-medium wp-image-421\" title=\"best40p001\" src=\"https:\/\/www.mahira.nl\/wp-content\/uploads\/2012\/02\/best40p001-300x273.jpg\" alt=\"\" width=\"198\" height=\"180\" srcset=\"https:\/\/www.mahira.nl\/wp-content\/uploads\/2012\/02\/best40p001-300x273.jpg 300w, https:\/\/www.mahira.nl\/wp-content\/uploads\/2012\/02\/best40p001-1024x933.jpg 1024w\" sizes=\"(max-width: 198px) 100vw, 198px\" \/><\/a>Dit antwoord kan worden gemeten. Afhankelijk van de conditie van het orgaan geeft het apparaat aan of deze normaal, overprikkeld of te zwak is.<\/p>\n<p>Met dit unieke evaluatiesysteem kan gedurende \u00e9\u00e9n sessie, met meer dan 60.000 informatieve substanties gewerkt worden.<\/p>\n<p>Tijdens de gecomputeriseerde test wordt de invloed van medicijnen, electromagnetische straling, gifstoffen, schimmels, allergie\u00ebn, hormonen, bacteri\u00ebn, virussen, chemicali\u00ebn, pesticiden enz. in beeld gebracht. Aan de hand van deze waarden wordt een oplossing samengesteld die nodig is om het lichaam weer in balans te brengen waardoor de zelfhelende capaciteit van het lichaam weer wordt geactiveerd.<\/p>\n<p>Het herstelt de balans van zowel organische storingen als van het centrale zenuwstelsel.<\/p>\n<p>Er wordt <span style=\"text-decoration: underline;\">geen<\/span> diagnose gesteld. Hiervoor wordt doorverwezen naar een arts.<\/p>\n<h4>Voor welke klachten kan een BEST- behandeling worden ingezet?<\/h4>\n<p style=\"padding-left: 150px;\">&#8211; chronische ziekten (van allerlei aard)<br \/>\n&#8211; integratietherapie bij chemokuur<br \/>\n&#8211; moeheid en uitputting<br \/>\n&#8211; astma<br \/>\n&#8211; candida en andere schimmelinfecties<br \/>\n&#8211; pijn<br \/>\n&#8211; slaapstoornissen<br \/>\n&#8211; depressie<br \/>\n&#8211; stress<br \/>\n&#8211; huidziektes (bijv. eczeem, psoriasis)<br \/>\n&#8211; gifophoping door bacteri\u00ebn, virussen enz.<br \/>\n&#8211; preventie van ziektes<br \/>\n&#8211; laag weerstandsvermogen<br \/>\n&#8211; chronische infecties<br \/>\n&#8211; hormonale storingen<br \/>\n&#8211; artritis<br \/>\n&#8211; fibromyalgie<br \/>\n&#8211; hartklachten<br \/>\n&#8211; hoofdpijn en migraine<br \/>\n&#8211; ziekte van Lyme<br \/>\n&#8211; gewrichtsproblemen<br \/>\n&#8211; storing in de vitamine-, mineralen- en aminozuurbalans<br \/>\n&#8211; allergie\u00ebn, voedingsintoleranties (allergietesten zonder krasjes)<br \/>\n&#8211; ouderdomsverschijnselen<\/p>\n<p>Via een speciale weg wordt de elektromagnetische informatie door middel van inprenting<br \/>\nop korrels overgedragen zodat deze als balancerende remedie ingenomen kan gaan worden.<\/p>\n","protected":false},"excerpt":{"rendered":"<p>In de praktijk wordt gewerkt met BEST. Dit staat voor Bio Energetische Stress Test. De BEST is een combinatie van eeuwenoude Oosterse geneeswijzen en huidige Westerse technieken. De conditie van het afweersysteem\/energiesysteem wordt nauwkeurig in kaart gebracht. Door behandeling met de BEST wordt het afweersysteem weer in balans gebracht. Hierdoor wordt het zelfherstellend vermogen van [&hellip;]<\/p>\n","protected":false},"author":1,"featured_media":0,"parent":265,"menu_order":22,"comment_status":"closed","ping_status":"closed","template":"page-full-width.php","meta":[],"_links":{"self":[{"href":"https:\/\/www.mahira.nl\/index.php?rest_route=\/wp\/v2\/pages\/699"}],"collection":[{"href":"https:\/\/www.mahira.nl\/index.php?rest_route=\/wp\/v2\/pages"}],"about":[{"href":"https:\/\/www.mahira.nl\/index.php?rest_route=\/wp\/v2\/types\/page"}],"author":[{"embeddable":true,"href":"https:\/\/www.mahira.nl\/index.php?rest_route=\/wp\/v2\/users\/1"}],"replies":[{"embeddable":true,"href":"https:\/\/www.mahira.nl\/index.php?rest_route=%2Fwp%2Fv2%2Fcomments&post=699"}],"version-history":[{"count":18,"href":"https:\/\/www.mahira.nl\/index.php?rest_route=\/wp\/v2\/pages\/699\/revisions"}],"predecessor-version":[{"id":1711,"href":"https:\/\/www.mahira.nl\/index.php?rest_route=\/wp\/v2\/pages\/699\/revisions\/1711"}],"up":[{"embeddable":true,"href":"https:\/\/www.mahira.nl\/index.php?rest_route=\/wp\/v2\/pages\/265"}],"wp:attachment":[{"href":"https:\/\/www.mahira.nl\/index.php?rest_route=%2Fwp%2Fv2%2Fmedia&parent=699"}],"curies":[{"name":"wp","href":"https:\/\/api.w.org\/{rel}","templated":true}]}}